{"id":3344,"date":"2025-11-11T19:29:49","date_gmt":"2025-11-11T18:29:49","guid":{"rendered":"https:\/\/draft.webrisestudio.pl\/?page_id=3344"},"modified":"2025-11-11T19:31:07","modified_gmt":"2025-11-11T18:31:07","slug":"obrobki-blacharskie","status":"publish","type":"page","link":"https:\/\/draft.webrisestudio.pl\/index.php\/obrobki-blacharskie\/","title":{"rendered":"Obr\u00f3bki blacharskie"},"content":{"rendered":"\t\t<div data-elementor-type=\"wp-page\" data-elementor-id=\"3344\" class=\"elementor elementor-3344\">\n\t\t\t\t<div class=\"aux-parallax-section elementor-element elementor-element-7937ca8 e-flex e-con-boxed e-con e-parent\" data-id=\"7937ca8\" data-element_type=\"container\">\n\t\t\t\t\t<div class=\"e-con-inner\">\n\t\t\t\t<div class=\"elementor-element elementor-element-8c1ab98 elementor-widget elementor-widget-text-editor\" data-id=\"8c1ab98\" data-element_type=\"widget\" data-widget_type=\"text-editor.default\">\n\t\t\t\t<div class=\"elementor-widget-container\">\n\t\t\t\t\t\t\t\t\t<p class=\"clear-both\">Produkowane w HALDEK obr\u00f3bki blacharskie stanowi\u0105 nieod\u0142\u0105czny element system\u00f3w pokry\u0107 dachowych i elewacyjnych. Tworz\u0105 barier\u0119 przed erozyjnym dzia\u0142aniem czynnik\u00f3w atmosferycznych, zabezpieczaj\u0105c mury i stropy przed zawilgoceniem oraz uszkodzeniem.<\/p><p>Materia\u0142 stosowany do produkcji obr\u00f3bek blacharskich to stal ocynkowana i powlekana lub w pow\u0142oce alucynkowej oraz aluminium w grubo\u015bciach od 0,5 do 1,5mm i w d\u0142ugo\u015bciach do 6400mm. Produkowane przez nas obr\u00f3bki dost\u0119pne s\u0105 w bardzo szerokiej gamie kolor\u00f3w standardowych, a tak\u017ce w pe\u0142nej palecie kolor\u00f3w RAL dost\u0119pnych na specjalne zam\u00f3wienie.<\/p><p>W procesie kszta\u0142towania obr\u00f3bek stosujemy nowoczesne maszyny ze sterowaniem CNC. Podstawowe typy obr\u00f3bek blacharskich produkowane w HALDEK to pas nadrynnowy, pas podrynnowy, wiatrownica, kosz dachowy, obr\u00f3bki przy\u015bcienne, obr\u00f3bki komina, obr\u00f3bki ogniomur\u00f3w, obr\u00f3bki gzyms\u00f3w, listwy wyko\u0144czeniowe, parapety. Opr\u00f3cz najbardziej popularnych typ\u00f3w obr\u00f3bek realizujemy tak\u017ce zlecenia produkcji nietypowych obr\u00f3bek blacharskich, wg wymaga\u0144 i specyfikacji zamawiaj\u0105cego.<\/p>\t\t\t\t\t\t\t\t<\/div>\n\t\t\t\t<\/div>\n\t\t\t\t\t<\/div>\n\t\t\t\t<\/div>\n\t\t\t\t<\/div>\n\t\t","protected":false},"excerpt":{"rendered":"<p>Produkowane w HALDEK obr\u00f3bki blacharskie stanowi\u0105 nieod\u0142\u0105czny element system\u00f3w pokry\u0107 dachowych i elewacyjnych. Tworz\u0105 barier\u0119 przed erozyjnym dzia\u0142aniem czynnik\u00f3w atmosferycznych, zabezpieczaj\u0105c mury i stropy przed zawilgoceniem oraz uszkodzeniem. Materia\u0142 stosowany do produkcji obr\u00f3bek blacharskich to stal ocynkowana i powlekana lub w pow\u0142oce alucynkowej oraz aluminium w grubo\u015bciach od 0,5 do 1,5mm i w d\u0142ugo\u015bciach do [&hellip;]<\/p>\n","protected":false},"author":1,"featured_media":0,"parent":0,"menu_order":0,"comment_status":"closed","ping_status":"closed","template":"","meta":{"inline_featured_image":false,"footnotes":""},"class_list":["post-3344","page","type-page","status-publish","hentry"],"_links":{"self":[{"href":"https:\/\/draft.webrisestudio.pl\/index.php\/wp-json\/wp\/v2\/pages\/3344","targetHints":{"allow":["GET"]}}],"collection":[{"href":"https:\/\/draft.webrisestudio.pl\/index.php\/wp-json\/wp\/v2\/pages"}],"about":[{"href":"https:\/\/draft.webrisestudio.pl\/index.php\/wp-json\/wp\/v2\/types\/page"}],"author":[{"embeddable":true,"href":"https:\/\/draft.webrisestudio.pl\/index.php\/wp-json\/wp\/v2\/users\/1"}],"replies":[{"embeddable":true,"href":"https:\/\/draft.webrisestudio.pl\/index.php\/wp-json\/wp\/v2\/comments?post=3344"}],"version-history":[{"count":7,"href":"https:\/\/draft.webrisestudio.pl\/index.php\/wp-json\/wp\/v2\/pages\/3344\/revisions"}],"predecessor-version":[{"id":3351,"href":"https:\/\/draft.webrisestudio.pl\/index.php\/wp-json\/wp\/v2\/pages\/3344\/revisions\/3351"}],"wp:attachment":[{"href":"https:\/\/draft.webrisestudio.pl\/index.php\/wp-json\/wp\/v2\/media?parent=3344"}],"curies":[{"name":"wp","href":"https:\/\/api.w.org\/{rel}","templated":true}]}}