{"id":3310,"date":"2025-11-11T15:36:17","date_gmt":"2025-11-11T14:36:17","guid":{"rendered":"https:\/\/draft.webrisestudio.pl\/?page_id=3310"},"modified":"2025-11-11T19:20:10","modified_gmt":"2025-11-11T18:20:10","slug":"konstrukcje-stalowe-i-obudowy-hal","status":"publish","type":"page","link":"https:\/\/draft.webrisestudio.pl\/index.php\/konstrukcje-stalowe-i-obudowy-hal\/","title":{"rendered":"Konstrukcje stalowe i obudowy hal"},"content":{"rendered":"\t\t<div data-elementor-type=\"wp-page\" data-elementor-id=\"3310\" class=\"elementor elementor-3310\">\n\t\t\t\t<div class=\"aux-parallax-section elementor-element elementor-element-7a3c81f e-flex e-con-boxed e-con e-parent\" data-id=\"7a3c81f\" data-element_type=\"container\">\n\t\t\t\t\t<div class=\"e-con-inner\">\n\t\t<div class=\"elementor-element elementor-element-977a0fb e-con-full e-flex e-con e-child\" data-id=\"977a0fb\" data-element_type=\"container\">\n\t\t\t\t<div class=\"elementor-element elementor-element-6b71798 elementor-widget elementor-widget-heading\" data-id=\"6b71798\" data-element_type=\"widget\" data-widget_type=\"heading.default\">\n\t\t\t\t<div class=\"elementor-widget-container\">\n\t\t\t\t\t<h4 class=\"elementor-heading-title elementor-size-default\">Konstrukcje stalowe i obudowy hal<\/h4>\t\t\t\t<\/div>\n\t\t\t\t<\/div>\n\t\t\t\t<div class=\"elementor-element elementor-element-5b94ce6 elementor-widget elementor-widget-text-editor\" data-id=\"5b94ce6\" data-element_type=\"widget\" data-widget_type=\"text-editor.default\">\n\t\t\t\t<div class=\"elementor-widget-container\">\n\t\t\t\t\t\t\t\t\t<p><strong>Wykonujemy obudowy z:<\/strong><\/p>\t\t\t\t\t\t\t\t<\/div>\n\t\t\t\t<\/div>\n\t\t\t\t<div class=\"elementor-element elementor-element-7d079b4 elementor-icon-list--layout-traditional elementor-list-item-link-full_width elementor-widget elementor-widget-icon-list\" data-id=\"7d079b4\" data-element_type=\"widget\" data-widget_type=\"icon-list.default\">\n\t\t\t\t<div class=\"elementor-widget-container\">\n\t\t\t\t\t\t\t<ul class=\"elementor-icon-list-items\">\n\t\t\t\t\t\t\t<li class=\"elementor-icon-list-item\">\n\t\t\t\t\t\t\t\t\t\t\t<span class=\"elementor-icon-list-icon\">\n\t\t\t\t\t\t\t<i aria-hidden=\"true\" class=\"auxicon auxicon-primitive-dot\"><\/i>\t\t\t\t\t\t<\/span>\n\t\t\t\t\t\t\t\t\t\t<span class=\"elementor-icon-list-text\">p\u0142yt warstwowych - we\u0142na, PIR<\/span>\n\t\t\t\t\t\t\t\t\t<\/li>\n\t\t\t\t\t\t\t\t<li class=\"elementor-icon-list-item\">\n\t\t\t\t\t\t\t\t\t\t\t<span class=\"elementor-icon-list-icon\">\n\t\t\t\t\t\t\t<i aria-hidden=\"true\" class=\"auxicon auxicon-primitive-dot\"><\/i>\t\t\t\t\t\t<\/span>\n\t\t\t\t\t\t\t\t\t\t<span class=\"elementor-icon-list-text\">blach trapezowych i kaseton\u00f3w<\/span>\n\t\t\t\t\t\t\t\t\t<\/li>\n\t\t\t\t\t\t\t\t<li class=\"elementor-icon-list-item\">\n\t\t\t\t\t\t\t\t\t\t\t<span class=\"elementor-icon-list-icon\">\n\t\t\t\t\t\t\t<i aria-hidden=\"true\" class=\"auxicon auxicon-primitive-dot\"><\/i>\t\t\t\t\t\t<\/span>\n\t\t\t\t\t\t\t\t\t\t<span class=\"elementor-icon-list-text\">p\u0142yt w\u0142\u00f3kno \u2013 cement<\/span>\n\t\t\t\t\t\t\t\t\t<\/li>\n\t\t\t\t\t\t\t\t<li class=\"elementor-icon-list-item\">\n\t\t\t\t\t\t\t\t\t\t\t<span class=\"elementor-icon-list-icon\">\n\t\t\t\t\t\t\t<i aria-hidden=\"true\" class=\"auxicon auxicon-primitive-dot\"><\/i>\t\t\t\t\t\t<\/span>\n\t\t\t\t\t\t\t\t\t\t<span class=\"elementor-icon-list-text\">drewno elewacyjne<\/span>\n\t\t\t\t\t\t\t\t\t<\/li>\n\t\t\t\t\t\t<\/ul>\n\t\t\t\t\t\t<\/div>\n\t\t\t\t<\/div>\n\t\t\t\t<div class=\"elementor-element elementor-element-74d146a elementor-widget elementor-widget-text-editor\" data-id=\"74d146a\" data-element_type=\"widget\" data-widget_type=\"text-editor.default\">\n\t\t\t\t<div class=\"elementor-widget-container\">\n\t\t\t\t\t\t\t\t\t<p>Do tej pory wykonali\u015bmy ponad p\u00f3\u0142 mln. m2 obud\u00f3w \u015bcian w r\u00f3\u017cnych technologiach.\u00a0Wsp\u00f3\u0142pracujemy z takimi producentami jak KINGSPAN, BALEX METAL, G\u00d3R STAL, ARCELORMITTAL,RUKKI, PRUSZY\u0143SKI. ADAMIETZ<\/p><p>Proponujemy produkt odpowiadaj\u0105cy pod k\u0105tem najlepszego rozwi\u0105zania dla inwestora.\u00a0Opracowujemy projekty wykonawcze i warsztatowe.<\/p><p>W naszym zakresie us\u0142ug jest dostawa oraz monta\u017c \u015blusarki otworowej \u2013 bram, drzwi, okien.\u00a0Posiadamy w\u0142asny sprz\u0119t do prac monta\u017cowych na wysoko\u015bci do 65 m.<\/p><p>Dla zrealizowanych przez nas obiekt\u00f3w zapewniamy serwis gwarancyjny i pogwarancyjny.\u00a0<\/p><p>Jeste\u015bmy cz\u0142onkiem\u00a0<strong>Stowarzyszenia Wykonawc\u00f3w Dach\u00f3w P\u0142askich i Fasad DAFA<\/strong>.<\/p>\t\t\t\t\t\t\t\t<\/div>\n\t\t\t\t<\/div>\n\t\t\t\t<\/div>\n\t\t<div class=\"elementor-element elementor-element-d684aa7 e-con-full e-flex e-con e-child\" data-id=\"d684aa7\" data-element_type=\"container\">\n\t\t\t\t<div class=\"elementor-element elementor-element-9cd528f elementor-widget elementor-widget-image\" data-id=\"9cd528f\" data-element_type=\"widget\" data-widget_type=\"image.default\">\n\t\t\t\t<div class=\"elementor-widget-container\">\n\t\t\t\t\t\t\t\t\t\t\t\t\t\t\t<img fetchpriority=\"high\" decoding=\"async\" width=\"1024\" height=\"1024\" src=\"https:\/\/draft.webrisestudio.pl\/wp-content\/uploads\/2025\/11\/DSC01750-1024x1024.jpeg\" class=\"attachment-large size-large wp-image-3321\" alt=\"\" srcset=\"https:\/\/draft.webrisestudio.pl\/wp-content\/uploads\/2025\/11\/DSC01750-1024x1024.jpeg 1024w, https:\/\/draft.webrisestudio.pl\/wp-content\/uploads\/2025\/11\/DSC01750-300x300.jpeg 300w, https:\/\/draft.webrisestudio.pl\/wp-content\/uploads\/2025\/11\/DSC01750-150x150.jpeg 150w, https:\/\/draft.webrisestudio.pl\/wp-content\/uploads\/2025\/11\/DSC01750-768x768.jpeg 768w\" sizes=\"(max-width: 1024px) 100vw, 1024px\" \/>\t\t\t\t\t\t\t\t\t\t\t\t\t\t\t<\/div>\n\t\t\t\t<\/div>\n\t\t\t\t<div class=\"elementor-element elementor-element-5b664a3 elementor-widget elementor-widget-image\" data-id=\"5b664a3\" data-element_type=\"widget\" data-widget_type=\"image.default\">\n\t\t\t\t<div class=\"elementor-widget-container\">\n\t\t\t\t\t\t\t\t\t\t\t\t\t\t\t<img decoding=\"async\" width=\"1024\" height=\"1024\" src=\"https:\/\/draft.webrisestudio.pl\/wp-content\/uploads\/2025\/11\/2-1024x1024.jpg\" class=\"attachment-large size-large wp-image-3322\" alt=\"\" srcset=\"https:\/\/draft.webrisestudio.pl\/wp-content\/uploads\/2025\/11\/2-1024x1024.jpg 1024w, https:\/\/draft.webrisestudio.pl\/wp-content\/uploads\/2025\/11\/2-300x300.jpg 300w, https:\/\/draft.webrisestudio.pl\/wp-content\/uploads\/2025\/11\/2-150x150.jpg 150w, https:\/\/draft.webrisestudio.pl\/wp-content\/uploads\/2025\/11\/2-768x768.jpg 768w\" sizes=\"(max-width: 1024px) 100vw, 1024px\" \/>\t\t\t\t\t\t\t\t\t\t\t\t\t\t\t<\/div>\n\t\t\t\t<\/div>\n\t\t\t\t<\/div>\n\t\t\t\t\t<\/div>\n\t\t\t\t<\/div>\n\t\t\t\t<\/div>\n\t\t","protected":false},"excerpt":{"rendered":"<p>Konstrukcje stalowe i obudowy hal Wykonujemy obudowy z: p\u0142yt warstwowych &#8211; we\u0142na, PIR blach trapezowych i kaseton\u00f3w p\u0142yt w\u0142\u00f3kno \u2013 cement drewno elewacyjne Do tej pory wykonali\u015bmy ponad p\u00f3\u0142 mln. m2 obud\u00f3w \u015bcian w r\u00f3\u017cnych technologiach.\u00a0Wsp\u00f3\u0142pracujemy z takimi producentami jak KINGSPAN, BALEX METAL, G\u00d3R STAL, ARCELORMITTAL,RUKKI, PRUSZY\u0143SKI. ADAMIETZ Proponujemy produkt odpowiadaj\u0105cy pod k\u0105tem najlepszego rozwi\u0105zania [&hellip;]<\/p>\n","protected":false},"author":1,"featured_media":0,"parent":0,"menu_order":0,"comment_status":"closed","ping_status":"closed","template":"","meta":{"inline_featured_image":false,"footnotes":""},"class_list":["post-3310","page","type-page","status-publish","hentry"],"_links":{"self":[{"href":"https:\/\/draft.webrisestudio.pl\/index.php\/wp-json\/wp\/v2\/pages\/3310","targetHints":{"allow":["GET"]}}],"collection":[{"href":"https:\/\/draft.webrisestudio.pl\/index.php\/wp-json\/wp\/v2\/pages"}],"about":[{"href":"https:\/\/draft.webrisestudio.pl\/index.php\/wp-json\/wp\/v2\/types\/page"}],"author":[{"embeddable":true,"href":"https:\/\/draft.webrisestudio.pl\/index.php\/wp-json\/wp\/v2\/users\/1"}],"replies":[{"embeddable":true,"href":"https:\/\/draft.webrisestudio.pl\/index.php\/wp-json\/wp\/v2\/comments?post=3310"}],"version-history":[{"count":7,"href":"https:\/\/draft.webrisestudio.pl\/index.php\/wp-json\/wp\/v2\/pages\/3310\/revisions"}],"predecessor-version":[{"id":3325,"href":"https:\/\/draft.webrisestudio.pl\/index.php\/wp-json\/wp\/v2\/pages\/3310\/revisions\/3325"}],"wp:attachment":[{"href":"https:\/\/draft.webrisestudio.pl\/index.php\/wp-json\/wp\/v2\/media?parent=3310"}],"curies":[{"name":"wp","href":"https:\/\/api.w.org\/{rel}","templated":true}]}}