{"id":2939,"date":"2025-10-24T21:18:00","date_gmt":"2025-10-24T19:18:00","guid":{"rendered":"https:\/\/draft.webrisestudio.pl\/?page_id=2939"},"modified":"2025-10-24T21:19:18","modified_gmt":"2025-10-24T19:19:18","slug":"plyty-warstwowe","status":"publish","type":"page","link":"https:\/\/draft.webrisestudio.pl\/index.php\/plyty-warstwowe\/","title":{"rendered":"P\u0142yty warstwowe"},"content":{"rendered":"\t\t<div data-elementor-type=\"wp-page\" data-elementor-id=\"2939\" class=\"elementor elementor-2939\">\n\t\t\t\t<div class=\"aux-parallax-section elementor-element elementor-element-8f8e0eb e-flex e-con-boxed e-con e-parent\" data-id=\"8f8e0eb\" data-element_type=\"container\">\n\t\t\t\t\t<div class=\"e-con-inner\">\n\t\t\t\t<div class=\"elementor-element elementor-element-bec6d26 elementor-widget elementor-widget-heading\" data-id=\"bec6d26\" data-element_type=\"widget\" data-widget_type=\"heading.default\">\n\t\t\t\t<div class=\"elementor-widget-container\">\n\t\t\t\t\t<h2 class=\"elementor-heading-title elementor-size-default\">P\u0142yty warstwowe<\/h2>\t\t\t\t<\/div>\n\t\t\t\t<\/div>\n\t\t\t\t<div class=\"elementor-element elementor-element-fa46025 elementor-widget elementor-widget-text-editor\" data-id=\"fa46025\" data-element_type=\"widget\" data-widget_type=\"text-editor.default\">\n\t\t\t\t<div class=\"elementor-widget-container\">\n\t\t\t\t\t\t\t\t\t<div class=\"wrapper\"><div class=\"main\"><div class=\"title\"><p><strong>W ofercie obudowy\u00a0 p\u0142ytami warstwowymi, budynk\u00f3w przemys\u0142owych, \u015bcian dzia\u0142owych, ch\u0142odni i pokrycia dach\u00f3w oferujemy p\u0142yty\u00a0 z rdzeniem poliuretanowym, styropianowym, z we\u0142ny mineralnej.<\/strong><\/p><p><strong>&#8211; p\u0142yty z widocznym mocowaniem<\/strong><\/p><p><strong>&#8211; p\u0142yty z ukrytym mocowaniem<\/strong><\/p><p><strong>&#8211; p\u0142yty ch\u0142odnicze<\/strong><\/p><p><strong>&#8211; p\u0142yty dachowe<\/strong><\/p><p>\u00a0<\/p><p><strong>Zapewniamy wyb\u00f3r najlepszych rozwi\u0105za\u0144 dost\u0119pnych na rynku\u00a0<\/strong><strong>pod wzgl\u0119dem termoizolacyjnym, przeciwpo\u017carowym oraz pod wzgl\u0119dem designerskim.<\/strong><\/p><p><strong>Elewacja powinna chroni\u0107 budynek przed warunkami atmosferycznymi ale te\u017c charakteryzowa\u0107 si\u0119 du\u017c\u0105 trwa\u0142o\u015bci\u0105 i wytrzyma\u0142o\u015bci\u0105 mechaniczn\u0105.<\/strong><\/p><p><strong>Wykonujemy projekty warsztatowe.<\/strong><\/p><\/div><\/div><\/div><div class=\"products subpage-content\"><div class=\"row\"><div class=\"col-sm-12\">\u00a0<\/div><div class=\"col-sm-12\">\u00a0<\/div><div class=\"col-md-12\">\u00a0<\/div><\/div><\/div>\t\t\t\t\t\t\t\t<\/div>\n\t\t\t\t<\/div>\n\t\t\t\t\t<\/div>\n\t\t\t\t<\/div>\n\t\t\t\t<\/div>\n\t\t","protected":false},"excerpt":{"rendered":"<p>P\u0142yty warstwowe W ofercie obudowy\u00a0 p\u0142ytami warstwowymi, budynk\u00f3w przemys\u0142owych, \u015bcian dzia\u0142owych, ch\u0142odni i pokrycia dach\u00f3w oferujemy p\u0142yty\u00a0 z rdzeniem poliuretanowym, styropianowym, z we\u0142ny mineralnej. &#8211; p\u0142yty z widocznym mocowaniem &#8211; p\u0142yty z ukrytym mocowaniem &#8211; p\u0142yty ch\u0142odnicze &#8211; p\u0142yty dachowe \u00a0 Zapewniamy wyb\u00f3r najlepszych rozwi\u0105za\u0144 dost\u0119pnych na rynku\u00a0pod wzgl\u0119dem termoizolacyjnym, przeciwpo\u017carowym oraz pod wzgl\u0119dem designerskim. [&hellip;]<\/p>\n","protected":false},"author":1,"featured_media":0,"parent":0,"menu_order":0,"comment_status":"closed","ping_status":"closed","template":"","meta":{"inline_featured_image":false,"footnotes":""},"class_list":["post-2939","page","type-page","status-publish","hentry"],"_links":{"self":[{"href":"https:\/\/draft.webrisestudio.pl\/index.php\/wp-json\/wp\/v2\/pages\/2939","targetHints":{"allow":["GET"]}}],"collection":[{"href":"https:\/\/draft.webrisestudio.pl\/index.php\/wp-json\/wp\/v2\/pages"}],"about":[{"href":"https:\/\/draft.webrisestudio.pl\/index.php\/wp-json\/wp\/v2\/types\/page"}],"author":[{"embeddable":true,"href":"https:\/\/draft.webrisestudio.pl\/index.php\/wp-json\/wp\/v2\/users\/1"}],"replies":[{"embeddable":true,"href":"https:\/\/draft.webrisestudio.pl\/index.php\/wp-json\/wp\/v2\/comments?post=2939"}],"version-history":[{"count":8,"href":"https:\/\/draft.webrisestudio.pl\/index.php\/wp-json\/wp\/v2\/pages\/2939\/revisions"}],"predecessor-version":[{"id":3299,"href":"https:\/\/draft.webrisestudio.pl\/index.php\/wp-json\/wp\/v2\/pages\/2939\/revisions\/3299"}],"wp:attachment":[{"href":"https:\/\/draft.webrisestudio.pl\/index.php\/wp-json\/wp\/v2\/media?parent=2939"}],"curies":[{"name":"wp","href":"https:\/\/api.w.org\/{rel}","templated":true}]}}