{"id":2929,"date":"2025-10-24T20:54:25","date_gmt":"2025-10-24T18:54:25","guid":{"rendered":"https:\/\/draft.webrisestudio.pl\/?page_id=2929"},"modified":"2025-10-24T21:17:28","modified_gmt":"2025-10-24T19:17:28","slug":"dachy-plaskie","status":"publish","type":"page","link":"https:\/\/draft.webrisestudio.pl\/index.php\/dachy-plaskie\/","title":{"rendered":"Dachy p\u0142askie"},"content":{"rendered":"\t\t<div data-elementor-type=\"wp-page\" data-elementor-id=\"2929\" class=\"elementor elementor-2929\">\n\t\t\t\t<div class=\"aux-parallax-section elementor-element elementor-element-b21f2d2 e-flex e-con-boxed e-con e-parent\" data-id=\"b21f2d2\" data-element_type=\"container\">\n\t\t\t\t\t<div class=\"e-con-inner\">\n\t\t<div class=\"elementor-element elementor-element-a283379 e-con-full e-flex e-con e-child\" data-id=\"a283379\" data-element_type=\"container\">\n\t\t\t\t<div class=\"elementor-element elementor-element-70c84b4 elementor-widget elementor-widget-heading\" data-id=\"70c84b4\" data-element_type=\"widget\" data-widget_type=\"heading.default\">\n\t\t\t\t<div class=\"elementor-widget-container\">\n\t\t\t\t\t<h2 class=\"elementor-heading-title elementor-size-default\">Dachy p\u0142askie<\/h2>\t\t\t\t<\/div>\n\t\t\t\t<\/div>\n\t\t\t\t<div class=\"elementor-element elementor-element-ad3c5c0 elementor-widget elementor-widget-text-editor\" data-id=\"ad3c5c0\" data-element_type=\"widget\" data-widget_type=\"text-editor.default\">\n\t\t\t\t<div class=\"elementor-widget-container\">\n\t\t\t\t\t\t\t\t\t<p>\u015awiadczymy kompleksowe us\u0142ugi w zakresie wykonywania termo i hydro izolacji dach\u00f3w p\u0142askich, odwr\u00f3conych, taras\u00f3w.\u00a0Ka\u017cdy projekt analizujemy szczeg\u00f3\u0142owo aby zaproponowa\u0107 najbardziej korzystne rozwi\u0105zanie po wzgl\u0119dem ceny, przy wykorzystaniu najlepszej jako\u015bci materia\u0142\u00f3w.<\/p><p><strong>Zapraszamy do wsp\u00f3\u0142pracy<\/strong><\/p><ul><li>papa termozgrzewalna<\/li><li>membrana dachowa PCV, EPDM<\/li><li>blacha trapezowa, p\u0142yta warstwowa<\/li><li>do\u015bwietla dachowe<\/li><li>wentylatory<\/li><li>dachy odwr\u00f3cone \u2013 dachy zielone<\/li><li>wpusty dachowe<\/li><li>orynnowanie<br \/>\u00a0<\/li><\/ul><p><strong>Nasi dostawcy:<\/strong><\/p><ul><li>PROTAN<\/li><li>KINGSPAN<\/li><li>PRUSZY\u0143SKI<\/li><li>DWD BAUTECH<\/li><\/ul>\t\t\t\t\t\t\t\t<\/div>\n\t\t\t\t<\/div>\n\t\t\t\t<\/div>\n\t\t\t\t<div class=\"elementor-element elementor-element-41229e9 elementor-widget elementor-widget-aux_image\" data-id=\"41229e9\" data-element_type=\"widget\" data-widget_type=\"aux_image.default\">\n\t\t\t\t<div class=\"elementor-widget-container\">\n\t\t\t\t\t<section class=\"widget-container aux-widget-image aux-alignnone aux-parent-aua47238e1\">\n    <div class=\"aux-media-hint-frame \">\n        <div class=\"aux-media-image \" >\n        \n            \n\n            \n            <img fetchpriority=\"high\" decoding=\"async\" width=\"500\" height=\"333\" src=\"https:\/\/draft.webrisestudio.pl\/wp-content\/uploads\/2025\/10\/gfx-dachy-plaskie.jpg\" class=\"aux-attachment aux-featured-image aux-attachment-id-2934\" alt=\"gfx-dachy-plaskie\" srcset=\"https:\/\/draft.webrisestudio.pl\/wp-content\/uploads\/2025\/10\/gfx-dachy-plaskie-150x150.jpg 150w,https:\/\/draft.webrisestudio.pl\/wp-content\/uploads\/2025\/10\/gfx-dachy-plaskie-300x300.jpg 300w,https:\/\/draft.webrisestudio.pl\/wp-content\/uploads\/2025\/10\/gfx-dachy-plaskie.jpg 500w\" data-ratio=\"1\" data-original-w=\"500\" sizes=\"(max-width:479px) 480px,(max-width:767px) 768px,(max-width:1023px) 1024px,500px\" \/>            \n                <\/div>\n    <\/div>\n\n<\/section><!-- widget-container -->\t\t\t\t<\/div>\n\t\t\t\t<\/div>\n\t\t\t\t\t<\/div>\n\t\t\t\t<\/div>\n\t\t\t\t<\/div>\n\t\t","protected":false},"excerpt":{"rendered":"<p>Dachy p\u0142askie \u015awiadczymy kompleksowe us\u0142ugi w zakresie wykonywania termo i hydro izolacji dach\u00f3w p\u0142askich, odwr\u00f3conych, taras\u00f3w.\u00a0Ka\u017cdy projekt analizujemy szczeg\u00f3\u0142owo aby zaproponowa\u0107 najbardziej korzystne rozwi\u0105zanie po wzgl\u0119dem ceny, przy wykorzystaniu najlepszej jako\u015bci materia\u0142\u00f3w. Zapraszamy do wsp\u00f3\u0142pracy papa termozgrzewalna membrana dachowa PCV, EPDM blacha trapezowa, p\u0142yta warstwowa do\u015bwietla dachowe wentylatory dachy odwr\u00f3cone \u2013 dachy zielone wpusty dachowe [&hellip;]<\/p>\n","protected":false},"author":1,"featured_media":0,"parent":0,"menu_order":0,"comment_status":"closed","ping_status":"closed","template":"","meta":{"inline_featured_image":false,"footnotes":""},"class_list":["post-2929","page","type-page","status-publish","hentry"],"_links":{"self":[{"href":"https:\/\/draft.webrisestudio.pl\/index.php\/wp-json\/wp\/v2\/pages\/2929","targetHints":{"allow":["GET"]}}],"collection":[{"href":"https:\/\/draft.webrisestudio.pl\/index.php\/wp-json\/wp\/v2\/pages"}],"about":[{"href":"https:\/\/draft.webrisestudio.pl\/index.php\/wp-json\/wp\/v2\/types\/page"}],"author":[{"embeddable":true,"href":"https:\/\/draft.webrisestudio.pl\/index.php\/wp-json\/wp\/v2\/users\/1"}],"replies":[{"embeddable":true,"href":"https:\/\/draft.webrisestudio.pl\/index.php\/wp-json\/wp\/v2\/comments?post=2929"}],"version-history":[{"count":8,"href":"https:\/\/draft.webrisestudio.pl\/index.php\/wp-json\/wp\/v2\/pages\/2929\/revisions"}],"predecessor-version":[{"id":3295,"href":"https:\/\/draft.webrisestudio.pl\/index.php\/wp-json\/wp\/v2\/pages\/2929\/revisions\/3295"}],"wp:attachment":[{"href":"https:\/\/draft.webrisestudio.pl\/index.php\/wp-json\/wp\/v2\/media?parent=2929"}],"curies":[{"name":"wp","href":"https:\/\/api.w.org\/{rel}","templated":true}]}}