{"id":2921,"date":"2025-10-24T20:47:13","date_gmt":"2025-10-24T18:47:13","guid":{"rendered":"https:\/\/draft.webrisestudio.pl\/?page_id=2921"},"modified":"2025-11-20T20:31:46","modified_gmt":"2025-11-20T19:31:46","slug":"dachy-tradycyjne","status":"publish","type":"page","link":"https:\/\/draft.webrisestudio.pl\/index.php\/dachy-tradycyjne\/","title":{"rendered":"Dachy tradycyjne"},"content":{"rendered":"<h2>Dachy tradycyjne<\/h2>\n<h6>Jeste\u015bmy firm\u0105 rodzinn\u0105 \u015bwiadcz\u0105c\u0105 us\u0142ugi dekarskie od 1990r.<\/h6>\n<p>Posiadane wieloletnie do\u015bwiadczenie, sprawi\u0142o \u017ce wykonujemy swoj\u0105 prac\u0119, szybko i solidnie. Systematyczne uczestnictwo w szkoleniach bran\u017cowych u producent\u00f3w pokry\u0107 dachowych pozwala nam \u015bwiadczy\u0107 najwy\u017cszej jako\u015bci us\u0142ugi dekarskie:\u00a0<\/p>\n<p><strong>Zakres prac to:<\/strong><\/p>\n<ul>\n<li>pokrycia na r\u0105bek stoj\u0105cy,<\/li>\n<li>p\u0142ytki dachowe w\u0142\u00f3kno &#8211;\u00a0cementowe,<\/li>\n<li>\u0142upek dachowy<\/li>\n<li>\u0142uski dachowe,<\/li>\n<li>panele dachowe,<\/li>\n<li>dach\u00f3wki metalowe typu romb,<\/li>\n<li>blachy wszystkie rodzaje<\/li>\n<li>dachy \u0142ukowe<\/li>\n<li>gonty bitumiczne<\/li>\n<\/ul>\n<p><strong>WSP\u00d3\u0141PRACUJEMY Z FIRMAMI :<\/strong><\/p>\n<ul>\n<li>Blachodach<\/li>\n<li>Metalmix<\/li>\n<li>Cembrit<\/li>\n<li>Pruszy\u0144ski<\/li>\n<li>Blachotrapez<\/li>\n<li>Ruukki<\/li>\n<li>Adamietz<\/li>\n<\/ul>\n<section>\n            <img fetchpriority=\"high\" decoding=\"async\" width=\"570\" height=\"594\" src=\"https:\/\/draft.webrisestudio.pl\/wp-content\/uploads\/2025\/10\/ref-1.jpg\" alt=\"ref-1\" data-ratio=\"0.96\" data-original-w=\"570\" \/><br \/>\n<\/section>\n<p><!-- widget-container --><\/p>\n","protected":false},"excerpt":{"rendered":"<p>Dachy tradycyjne Jeste\u015bmy firm\u0105 rodzinn\u0105 \u015bwiadcz\u0105c\u0105 us\u0142ugi dekarskie od 1990r. Posiadane wieloletnie do\u015bwiadczenie, sprawi\u0142o \u017ce wykonujemy swoj\u0105 prac\u0119, szybko i solidnie. Systematyczne uczestnictwo w szkoleniach bran\u017cowych u producent\u00f3w pokry\u0107 dachowych pozwala nam \u015bwiadczy\u0107 najwy\u017cszej jako\u015bci us\u0142ugi dekarskie:\u00a0 Zakres prac to: pokrycia na r\u0105bek stoj\u0105cy, p\u0142ytki dachowe w\u0142\u00f3kno &#8211;\u00a0cementowe, \u0142upek dachowy \u0142uski dachowe, panele dachowe, dach\u00f3wki [&hellip;]<\/p>\n","protected":false},"author":1,"featured_media":0,"parent":0,"menu_order":0,"comment_status":"closed","ping_status":"closed","template":"","meta":{"inline_featured_image":false,"footnotes":""},"class_list":["post-2921","page","type-page","status-publish","hentry"],"_links":{"self":[{"href":"https:\/\/draft.webrisestudio.pl\/index.php\/wp-json\/wp\/v2\/pages\/2921","targetHints":{"allow":["GET"]}}],"collection":[{"href":"https:\/\/draft.webrisestudio.pl\/index.php\/wp-json\/wp\/v2\/pages"}],"about":[{"href":"https:\/\/draft.webrisestudio.pl\/index.php\/wp-json\/wp\/v2\/types\/page"}],"author":[{"embeddable":true,"href":"https:\/\/draft.webrisestudio.pl\/index.php\/wp-json\/wp\/v2\/users\/1"}],"replies":[{"embeddable":true,"href":"https:\/\/draft.webrisestudio.pl\/index.php\/wp-json\/wp\/v2\/comments?post=2921"}],"version-history":[{"count":7,"href":"https:\/\/draft.webrisestudio.pl\/index.php\/wp-json\/wp\/v2\/pages\/2921\/revisions"}],"predecessor-version":[{"id":2928,"href":"https:\/\/draft.webrisestudio.pl\/index.php\/wp-json\/wp\/v2\/pages\/2921\/revisions\/2928"}],"wp:attachment":[{"href":"https:\/\/draft.webrisestudio.pl\/index.php\/wp-json\/wp\/v2\/media?parent=2921"}],"curies":[{"name":"wp","href":"https:\/\/api.w.org\/{rel}","templated":true}]}}