{"id":2906,"date":"2025-10-24T20:37:12","date_gmt":"2025-10-24T18:37:12","guid":{"rendered":"https:\/\/draft.webrisestudio.pl\/?page_id=2906"},"modified":"2025-12-10T21:33:52","modified_gmt":"2025-12-10T20:33:52","slug":"oferta","status":"publish","type":"page","link":"https:\/\/draft.webrisestudio.pl\/index.php\/oferta\/","title":{"rendered":"Oferta"},"content":{"rendered":"\t\t<div data-elementor-type=\"wp-page\" data-elementor-id=\"2906\" class=\"elementor elementor-2906\">\n\t\t\t\t<div class=\"aux-parallax-section elementor-element elementor-element-19703d1 e-flex e-con-boxed e-con e-parent\" data-id=\"19703d1\" data-element_type=\"container\">\n\t\t\t\t\t<div class=\"e-con-inner\">\n\t\t<div class=\"elementor-element elementor-element-77ce23b e-con-full e-flex e-con e-child\" data-id=\"77ce23b\" data-element_type=\"container\">\n\t\t<div class=\"elementor-element elementor-element-12ad1c7 e-con-full e-flex e-con e-child\" data-id=\"12ad1c7\" data-element_type=\"container\">\n\t\t<div class=\"elementor-element elementor-element-8d87d51 e-con-full e-flex e-con e-child\" data-id=\"8d87d51\" data-element_type=\"container\">\n\t\t\t\t<div class=\"elementor-element elementor-element-dcbdec8 elementor-widget elementor-widget-aux_image\" data-id=\"dcbdec8\" data-element_type=\"widget\" data-widget_type=\"aux_image.default\">\n\t\t\t\t<div class=\"elementor-widget-container\">\n\t\t\t\t\t<section class=\"widget-container aux-widget-image aux-alignnone aux-parent-au9a1c713b\">\n    <div class=\"aux-media-hint-frame \">\n        <div class=\"aux-media-image \" >\n        \n            \n\n            \n            <img fetchpriority=\"high\" decoding=\"async\" width=\"360\" height=\"296\" src=\"https:\/\/draft.webrisestudio.pl\/wp-content\/uploads\/2025\/10\/2d748a2fff78d1e15320870589213b6c-40x40.jpg\" class=\"aux-attachment aux-featured-image aux-attachment-id-2706 aux-preload aux-has-preview\" alt=\"DACHY TRADYCYJNE\" data-ratio=\"1\" data-original-w=\"360\" sizes=\"auto\" data-srcset=\"https:\/\/draft.webrisestudio.pl\/wp-content\/uploads\/2025\/10\/2d748a2fff78d1e15320870589213b6c-150x150.jpg 150w,https:\/\/draft.webrisestudio.pl\/wp-content\/uploads\/2025\/10\/2d748a2fff78d1e15320870589213b6c-300x296.jpg 300w,https:\/\/draft.webrisestudio.pl\/wp-content\/uploads\/2025\/10\/2d748a2fff78d1e15320870589213b6c.jpg 360w\" data-src=\"https:\/\/draft.webrisestudio.pl\/wp-content\/uploads\/2025\/10\/2d748a2fff78d1e15320870589213b6c.jpg\" \/>            \n                <\/div>\n    <\/div>\n\n<\/section><!-- widget-container -->\t\t\t\t<\/div>\n\t\t\t\t<\/div>\n\t\t\t\t<div class=\"elementor-element elementor-element-07ad0aa elementor-widget elementor-widget-aux_button\" data-id=\"07ad0aa\" data-element_type=\"widget\" data-widget_type=\"aux_button.default\">\n\t\t\t\t<div class=\"elementor-widget-container\">\n\t\t\t\t\t<a  href=\"https:\/\/draft.webrisestudio.pl\/index.php\/dachy-tradycyjne\/\" target=\"_self\"   class=\"aux-button aux-large aux-fire-engine-red aux-curve aux-none aux-uppercase\" ><span class=\"aux-overlay\"><\/span><span class=\"aux-text\">Dachy tradycyjne<\/span><\/a>\t\t\t\t<\/div>\n\t\t\t\t<\/div>\n\t\t\t\t<div class=\"elementor-element elementor-element-372eb3d elementor-widget elementor-widget-aux_image\" data-id=\"372eb3d\" data-element_type=\"widget\" data-widget_type=\"aux_image.default\">\n\t\t\t\t<div class=\"elementor-widget-container\">\n\t\t\t\t\t<section class=\"widget-container aux-widget-image aux-alignnone aux-parent-au00f42f02\">\n    <div class=\"aux-media-hint-frame \">\n        <div class=\"aux-media-image \" >\n        \n            \n\n            \n            <img decoding=\"async\" width=\"360\" height=\"296\" src=\"https:\/\/draft.webrisestudio.pl\/wp-content\/uploads\/2025\/10\/fe6b0f5e306a1ac924617996105d90d7.jpg\" class=\"aux-attachment aux-featured-image aux-attachment-id-2713\" alt=\"fe6b0f5e306a1ac924617996105d90d7\" srcset=\"https:\/\/draft.webrisestudio.pl\/wp-content\/uploads\/2025\/10\/fe6b0f5e306a1ac924617996105d90d7-150x150.jpg 150w,https:\/\/draft.webrisestudio.pl\/wp-content\/uploads\/2025\/10\/fe6b0f5e306a1ac924617996105d90d7-300x296.jpg 300w,https:\/\/draft.webrisestudio.pl\/wp-content\/uploads\/2025\/10\/fe6b0f5e306a1ac924617996105d90d7.jpg 360w\" data-ratio=\"1\" data-original-w=\"360\" sizes=\"(max-width:479px) 480px,(max-width:767px) 768px,(max-width:1023px) 1024px,360px\" \/>            \n                <\/div>\n    <\/div>\n\n<\/section><!-- widget-container -->\t\t\t\t<\/div>\n\t\t\t\t<\/div>\n\t\t\t\t<div class=\"elementor-element elementor-element-4816daf elementor-widget elementor-widget-aux_button\" data-id=\"4816daf\" data-element_type=\"widget\" data-widget_type=\"aux_button.default\">\n\t\t\t\t<div class=\"elementor-widget-container\">\n\t\t\t\t\t<a  href=\"https:\/\/draft.webrisestudio.pl\/index.php\/elewacje-wentylowane\/\" target=\"_self\"   class=\"aux-button aux-large aux-fire-engine-red aux-curve aux-none aux-uppercase\" ><span class=\"aux-overlay\"><\/span><span class=\"aux-text\">Elewacje wentylowane<\/span><\/a>\t\t\t\t<\/div>\n\t\t\t\t<\/div>\n\t\t\t\t<div class=\"elementor-element elementor-element-b542679 elementor-widget elementor-widget-aux_image\" data-id=\"b542679\" data-element_type=\"widget\" data-widget_type=\"aux_image.default\">\n\t\t\t\t<div class=\"elementor-widget-container\">\n\t\t\t\t\t<section class=\"widget-container aux-widget-image aux-alignnone aux-parent-au455b65fc\">\n    <div class=\"aux-media-hint-frame \">\n        <div class=\"aux-media-image \" >\n        \n            \n\n            \n            <img decoding=\"async\" width=\"768\" height=\"493\" src=\"https:\/\/draft.webrisestudio.pl\/wp-content\/uploads\/2025\/10\/de85683240e021fb8cfd50c7b1e6f6f4-768x493.jpg\" class=\"aux-attachment aux-featured-image aux-attachment-id-2716\" alt=\"de85683240e021fb8cfd50c7b1e6f6f4\" srcset=\"https:\/\/draft.webrisestudio.pl\/wp-content\/uploads\/2025\/10\/de85683240e021fb8cfd50c7b1e6f6f4-150x150.jpg 150w,https:\/\/draft.webrisestudio.pl\/wp-content\/uploads\/2025\/10\/de85683240e021fb8cfd50c7b1e6f6f4-300x300.jpg 300w,https:\/\/draft.webrisestudio.pl\/wp-content\/uploads\/2025\/10\/de85683240e021fb8cfd50c7b1e6f6f4-768x493.jpg 768w,https:\/\/draft.webrisestudio.pl\/wp-content\/uploads\/2025\/10\/de85683240e021fb8cfd50c7b1e6f6f4-768x493.jpg 768w\" data-ratio=\"1\" data-original-w=\"830\" sizes=\"(max-width:479px) 480px,(max-width:767px) 768px,(max-width:1023px) 1024px,768px\" \/>            \n                <\/div>\n    <\/div>\n\n<\/section><!-- widget-container -->\t\t\t\t<\/div>\n\t\t\t\t<\/div>\n\t\t\t\t<div class=\"elementor-element elementor-element-55643d5 elementor-widget elementor-widget-aux_button\" data-id=\"55643d5\" data-element_type=\"widget\" data-widget_type=\"aux_button.default\">\n\t\t\t\t<div class=\"elementor-widget-container\">\n\t\t\t\t\t<a  href=\"https:\/\/draft.webrisestudio.pl\/index.php\/obrobki-blacharskie\/\" target=\"_self\"   class=\"aux-button aux-medium aux-carmine-pink aux-none aux-uppercase\" ><span class=\"aux-overlay\"><\/span><span class=\"aux-text\">Obr\u00f3bki blacharskie<\/span><\/a>\t\t\t\t<\/div>\n\t\t\t\t<\/div>\n\t\t\t\t<\/div>\n\t\t<div class=\"elementor-element elementor-element-cff3d25 e-con-full e-flex e-con e-child\" data-id=\"cff3d25\" data-element_type=\"container\">\n\t\t\t\t<div class=\"elementor-element elementor-element-6f9883e elementor-widget elementor-widget-aux_image\" data-id=\"6f9883e\" data-element_type=\"widget\" data-widget_type=\"aux_image.default\">\n\t\t\t\t<div class=\"elementor-widget-container\">\n\t\t\t\t\t<section class=\"widget-container aux-widget-image aux-alignnone aux-parent-au4f9473f2\">\n    <div class=\"aux-media-hint-frame \">\n        <div class=\"aux-media-image \" >\n        \n            \n\n            \n            <img loading=\"lazy\" decoding=\"async\" width=\"360\" height=\"296\" src=\"https:\/\/draft.webrisestudio.pl\/wp-content\/uploads\/2025\/10\/dabf6f134d079366c3cceba1dace8afc.jpg\" class=\"aux-attachment aux-featured-image aux-attachment-id-2711\" alt=\"dabf6f134d079366c3cceba1dace8afc\" srcset=\"https:\/\/draft.webrisestudio.pl\/wp-content\/uploads\/2025\/10\/dabf6f134d079366c3cceba1dace8afc-150x150.jpg 150w,https:\/\/draft.webrisestudio.pl\/wp-content\/uploads\/2025\/10\/dabf6f134d079366c3cceba1dace8afc-300x296.jpg 300w,https:\/\/draft.webrisestudio.pl\/wp-content\/uploads\/2025\/10\/dabf6f134d079366c3cceba1dace8afc.jpg 360w\" data-ratio=\"1\" data-original-w=\"360\" sizes=\"(max-width:479px) 480px,(max-width:767px) 768px,(max-width:1023px) 1024px,360px\" \/>            \n                <\/div>\n    <\/div>\n\n<\/section><!-- widget-container -->\t\t\t\t<\/div>\n\t\t\t\t<\/div>\n\t\t\t\t<div class=\"elementor-element elementor-element-a90d6e1 elementor-widget elementor-widget-aux_button\" data-id=\"a90d6e1\" data-element_type=\"widget\" data-widget_type=\"aux_button.default\">\n\t\t\t\t<div class=\"elementor-widget-container\">\n\t\t\t\t\t<a  href=\"https:\/\/draft.webrisestudio.pl\/index.php\/dachy-plaskie\/\" target=\"_self\"   class=\"aux-button aux-large aux-ball-blue aux-curve aux-none aux-uppercase\" ><span class=\"aux-overlay\"><\/span><span class=\"aux-text\">Dachy p\u0142askie<\/span><\/a>\t\t\t\t<\/div>\n\t\t\t\t<\/div>\n\t\t\t\t<div class=\"elementor-element elementor-element-6b304b5 elementor-widget elementor-widget-aux_image\" data-id=\"6b304b5\" data-element_type=\"widget\" data-widget_type=\"aux_image.default\">\n\t\t\t\t<div class=\"elementor-widget-container\">\n\t\t\t\t\t<section class=\"widget-container aux-widget-image aux-alignnone aux-parent-aub8a5a5d7\">\n    <div class=\"aux-media-hint-frame \">\n        <div class=\"aux-media-image \" >\n        \n            \n\n            \n            <img loading=\"lazy\" decoding=\"async\" width=\"300\" height=\"300\" src=\"https:\/\/draft.webrisestudio.pl\/wp-content\/uploads\/2025\/10\/20d05eed79b86a91927943751038f489-300x300.jpg\" class=\"aux-attachment aux-featured-image aux-attachment-id-2760\" alt=\"20d05eed79b86a91927943751038f489\" srcset=\"https:\/\/draft.webrisestudio.pl\/wp-content\/uploads\/2025\/10\/20d05eed79b86a91927943751038f489-150x150.jpg 150w,https:\/\/draft.webrisestudio.pl\/wp-content\/uploads\/2025\/10\/20d05eed79b86a91927943751038f489-300x300.jpg 300w,https:\/\/draft.webrisestudio.pl\/wp-content\/uploads\/2025\/10\/20d05eed79b86a91927943751038f489-768x768.jpg 768w,https:\/\/draft.webrisestudio.pl\/wp-content\/uploads\/2025\/10\/20d05eed79b86a91927943751038f489-1024x1024.jpg 1024w,https:\/\/draft.webrisestudio.pl\/wp-content\/uploads\/2025\/10\/20d05eed79b86a91927943751038f489-300x300.jpg 300w\" data-ratio=\"1\" data-original-w=\"1622\" sizes=\"(max-width:479px) 480px,(max-width:767px) 768px,(max-width:1023px) 1024px,300px\" \/>            \n                <\/div>\n    <\/div>\n\n<\/section><!-- widget-container -->\t\t\t\t<\/div>\n\t\t\t\t<\/div>\n\t\t\t\t<div class=\"elementor-element elementor-element-c950341 elementor-widget elementor-widget-aux_button\" data-id=\"c950341\" data-element_type=\"widget\" data-widget_type=\"aux_button.default\">\n\t\t\t\t<div class=\"elementor-widget-container\">\n\t\t\t\t\t<a  href=\"https:\/\/draft.webrisestudio.pl\/index.php\/konstrukcje-stalowe-i-obudowy-hal\/\" target=\"_self\"   class=\"aux-button aux-large aux-ball-blue aux-curve aux-none aux-uppercase\" ><span class=\"aux-overlay\"><\/span><span class=\"aux-text\">Konstrukcje stalowe i obudowy hal<\/span><\/a>\t\t\t\t<\/div>\n\t\t\t\t<\/div>\n\t\t\t\t<\/div>\n\t\t<div class=\"elementor-element elementor-element-f2bbcea e-con-full e-flex e-con e-child\" data-id=\"f2bbcea\" data-element_type=\"container\">\n\t\t\t\t<div class=\"elementor-element elementor-element-f24e119 elementor-widget elementor-widget-aux_image\" data-id=\"f24e119\" data-element_type=\"widget\" data-widget_type=\"aux_image.default\">\n\t\t\t\t<div class=\"elementor-widget-container\">\n\t\t\t\t\t<section class=\"widget-container aux-widget-image aux-alignnone aux-parent-au531602be\">\n    <div class=\"aux-media-hint-frame \">\n        <div class=\"aux-media-image \" >\n        \n            \n\n            \n            <img loading=\"lazy\" decoding=\"async\" width=\"300\" height=\"300\" src=\"https:\/\/draft.webrisestudio.pl\/wp-content\/uploads\/2025\/10\/1b03b8301dbdee568101b4155f714ea4-300x300.jpg\" class=\"aux-attachment aux-featured-image aux-attachment-id-2712\" alt=\"1b03b8301dbdee568101b4155f714ea4\" srcset=\"https:\/\/draft.webrisestudio.pl\/wp-content\/uploads\/2025\/10\/1b03b8301dbdee568101b4155f714ea4-150x150.jpg 150w,https:\/\/draft.webrisestudio.pl\/wp-content\/uploads\/2025\/10\/1b03b8301dbdee568101b4155f714ea4-300x300.jpg 300w,https:\/\/draft.webrisestudio.pl\/wp-content\/uploads\/2025\/10\/1b03b8301dbdee568101b4155f714ea4-768x768.jpg 768w,https:\/\/draft.webrisestudio.pl\/wp-content\/uploads\/2025\/10\/1b03b8301dbdee568101b4155f714ea4-1024x1024.jpg 1024w,https:\/\/draft.webrisestudio.pl\/wp-content\/uploads\/2025\/10\/1b03b8301dbdee568101b4155f714ea4-300x300.jpg 300w\" data-ratio=\"1\" data-original-w=\"1920\" sizes=\"(max-width:479px) 480px,(max-width:767px) 768px,(max-width:1023px) 1024px,300px\" \/>            \n                <\/div>\n    <\/div>\n\n<\/section><!-- widget-container -->\t\t\t\t<\/div>\n\t\t\t\t<\/div>\n\t\t\t\t<div class=\"elementor-element elementor-element-320c166 elementor-widget elementor-widget-aux_button\" data-id=\"320c166\" data-element_type=\"widget\" data-widget_type=\"aux_button.default\">\n\t\t\t\t<div class=\"elementor-widget-container\">\n\t\t\t\t\t<a  href=\"https:\/\/draft.webrisestudio.pl\/index.php\/plyty-warstwowe\/\" target=\"_self\"   class=\"aux-button aux-large aux-energy-yellow aux-curve aux-none aux-uppercase\" ><span class=\"aux-overlay\"><\/span><span class=\"aux-text\">P\u0142yty warstwowe<\/span><\/a>\t\t\t\t<\/div>\n\t\t\t\t<\/div>\n\t\t\t\t<div class=\"elementor-element elementor-element-d48fec2 elementor-widget elementor-widget-aux_image\" data-id=\"d48fec2\" data-element_type=\"widget\" data-widget_type=\"aux_image.default\">\n\t\t\t\t<div class=\"elementor-widget-container\">\n\t\t\t\t\t<section class=\"widget-container aux-widget-image aux-alignnone aux-parent-aua95c28e8\">\n    <div class=\"aux-media-hint-frame \">\n        <div class=\"aux-media-image \" >\n        \n            \n\n            \n            <img loading=\"lazy\" decoding=\"async\" width=\"360\" height=\"296\" src=\"https:\/\/draft.webrisestudio.pl\/wp-content\/uploads\/2025\/10\/f63c14ee81c1bd35c7734f81427ab1d9.jpg\" class=\"aux-attachment aux-featured-image aux-attachment-id-2715\" alt=\"f63c14ee81c1bd35c7734f81427ab1d9\" srcset=\"https:\/\/draft.webrisestudio.pl\/wp-content\/uploads\/2025\/10\/f63c14ee81c1bd35c7734f81427ab1d9-150x150.jpg 150w,https:\/\/draft.webrisestudio.pl\/wp-content\/uploads\/2025\/10\/f63c14ee81c1bd35c7734f81427ab1d9-300x296.jpg 300w,https:\/\/draft.webrisestudio.pl\/wp-content\/uploads\/2025\/10\/f63c14ee81c1bd35c7734f81427ab1d9.jpg 360w\" data-ratio=\"1\" data-original-w=\"360\" sizes=\"(max-width:479px) 480px,(max-width:767px) 768px,(max-width:1023px) 1024px,360px\" \/>            \n                <\/div>\n    <\/div>\n\n<\/section><!-- widget-container -->\t\t\t\t<\/div>\n\t\t\t\t<\/div>\n\t\t\t\t<div class=\"elementor-element elementor-element-d851b87 elementor-widget elementor-widget-aux_button\" data-id=\"d851b87\" data-element_type=\"widget\" data-widget_type=\"aux_button.default\">\n\t\t\t\t<div class=\"elementor-widget-container\">\n\t\t\t\t\t<a  href=\"https:\/\/draft.webrisestudio.pl\/index.php\/uslugi-sprzetem\/\" target=\"_self\"   class=\"aux-button aux-large aux-energy-yellow aux-curve aux-none aux-uppercase\" ><span class=\"aux-overlay\"><\/span><span class=\"aux-text\">Us\u0142ugi sprz\u0119tem<\/span><\/a>\t\t\t\t<\/div>\n\t\t\t\t<\/div>\n\t\t\t\t<\/div>\n\t\t\t\t<\/div>\n\t\t\t\t<\/div>\n\t\t\t\t\t<\/div>\n\t\t\t\t<\/div>\n\t\t\t\t<\/div>\n\t\t","protected":false},"excerpt":{"rendered":"<p>Dachy tradycyjne Elewacje wentylowane Obr\u00f3bki blacharskie Dachy p\u0142askie Konstrukcje stalowe i obudowy hal P\u0142yty warstwowe Us\u0142ugi sprz\u0119tem<\/p>\n","protected":false},"author":1,"featured_media":0,"parent":0,"menu_order":0,"comment_status":"closed","ping_status":"closed","template":"","meta":{"inline_featured_image":false,"footnotes":""},"class_list":["post-2906","page","type-page","status-publish","hentry"],"_links":{"self":[{"href":"https:\/\/draft.webrisestudio.pl\/index.php\/wp-json\/wp\/v2\/pages\/2906","targetHints":{"allow":["GET"]}}],"collection":[{"href":"https:\/\/draft.webrisestudio.pl\/index.php\/wp-json\/wp\/v2\/pages"}],"about":[{"href":"https:\/\/draft.webrisestudio.pl\/index.php\/wp-json\/wp\/v2\/types\/page"}],"author":[{"embeddable":true,"href":"https:\/\/draft.webrisestudio.pl\/index.php\/wp-json\/wp\/v2\/users\/1"}],"replies":[{"embeddable":true,"href":"https:\/\/draft.webrisestudio.pl\/index.php\/wp-json\/wp\/v2\/comments?post=2906"}],"version-history":[{"count":16,"href":"https:\/\/draft.webrisestudio.pl\/index.php\/wp-json\/wp\/v2\/pages\/2906\/revisions"}],"predecessor-version":[{"id":3387,"href":"https:\/\/draft.webrisestudio.pl\/index.php\/wp-json\/wp\/v2\/pages\/2906\/revisions\/3387"}],"wp:attachment":[{"href":"https:\/\/draft.webrisestudio.pl\/index.php\/wp-json\/wp\/v2\/media?parent=2906"}],"curies":[{"name":"wp","href":"https:\/\/api.w.org\/{rel}","templated":true}]}}